{"id":1678,"date":"2024-03-25T11:50:21","date_gmt":"2024-03-25T10:50:21","guid":{"rendered":"https:\/\/photonicsnl.dev.impression.nl\/?page_id=1678"},"modified":"2025-12-18T10:01:55","modified_gmt":"2025-12-18T09:01:55","slug":"bulletin-dinformation","status":"publish","type":"page","link":"https:\/\/photonicsnl.com\/fr\/newsletter\/","title":{"rendered":"Bulletin d'information"},"content":{"rendered":"<div data-elementor-type=\"wp-page\" data-elementor-id=\"1678\" class=\"elementor elementor-1678\" data-elementor-post-type=\"page\">\n\t\t\t\t<div class=\"elementor-element elementor-element-db9adad e-flex e-con-boxed e-con e-parent\" data-id=\"db9adad\" data-element_type=\"container\" data-e-type=\"container\">\n\t\t\t\t\t<div class=\"e-con-inner\">\n\t\t\t\t<div class=\"elementor-element elementor-element-d065179 elementor-widget elementor-widget-text-editor\" data-id=\"d065179\" data-element_type=\"widget\" data-e-type=\"widget\" data-widget_type=\"text-editor.default\">\n\t\t\t\t<div class=\"elementor-widget-container\">\n\t\t\t\t\t\t\t\t\t<p>Abonnez-vous \u00e0 notre newsletter !<\/p>\t\t\t\t\t\t\t\t<\/div>\n\t\t\t\t<\/div>\n\t\t\t\t<div class=\"elementor-element elementor-element-43c4fac elementor-widget elementor-widget-html\" data-id=\"43c4fac\" data-element_type=\"widget\" data-e-type=\"widget\" data-widget_type=\"html.default\">\n\t\t\t\t<div class=\"elementor-widget-container\">\n\t\t\t\t\t<iframe src=\"https:\/\/photonicsnl.email-provider.eu\/f\/ss91rkek251d\" width=\"500\" height=\"650\" style=\"border:none;\">\n        Votre navigateur ne contient pas d'iframes.\n    <\/iframe>\t\t\t\t<\/div>\n\t\t\t\t<\/div>\n\t\t\t\t<div class=\"elementor-element elementor-element-2616db8 elementor-widget elementor-widget-text-editor\" data-id=\"2616db8\" data-element_type=\"widget\" data-e-type=\"widget\" data-widget_type=\"text-editor.default\">\n\t\t\t\t<div class=\"elementor-widget-container\">\n\t\t\t\t\t\t\t\t\t<p><a href=\"https:\/\/photonicsnl.com\/fr\/politique-de-confidentialite\/\">Politique de confidentialit\u00e9 et clause de non-responsabilit\u00e9 de PhotonicsNL<\/a><\/p>\t\t\t\t\t\t\t\t<\/div>\n\t\t\t\t<\/div>\n\t\t\t\t\t<\/div>\n\t\t\t\t<\/div>\n\t\t\t\t<\/div>","protected":false},"excerpt":{"rendered":"<p>Abonnez-vous \u00e0 notre bulletin d'information ! Mon navigateur ne contient pas d'iframes. Politique de confidentialit\u00e9 et clause de non-responsabilit\u00e9 de PhotonicsNL<\/p>","protected":false},"author":1,"featured_media":0,"parent":0,"menu_order":0,"comment_status":"closed","ping_status":"closed","template":"elementor_theme","meta":{"footnotes":""},"class_list":["post-1678","page","type-page","status-publish","hentry"],"_links":{"self":[{"href":"https:\/\/photonicsnl.com\/fr\/wp-json\/wp\/v2\/pages\/1678","targetHints":{"allow":["GET"]}}],"collection":[{"href":"https:\/\/photonicsnl.com\/fr\/wp-json\/wp\/v2\/pages"}],"about":[{"href":"https:\/\/photonicsnl.com\/fr\/wp-json\/wp\/v2\/types\/page"}],"author":[{"embeddable":true,"href":"https:\/\/photonicsnl.com\/fr\/wp-json\/wp\/v2\/users\/1"}],"replies":[{"embeddable":true,"href":"https:\/\/photonicsnl.com\/fr\/wp-json\/wp\/v2\/comments?post=1678"}],"version-history":[{"count":0,"href":"https:\/\/photonicsnl.com\/fr\/wp-json\/wp\/v2\/pages\/1678\/revisions"}],"wp:attachment":[{"href":"https:\/\/photonicsnl.com\/fr\/wp-json\/wp\/v2\/media?parent=1678"}],"curies":[{"name":"wp","href":"https:\/\/api.w.org\/{rel}","templated":true}]}}